{"id":3543,"date":"2025-04-09T13:05:21","date_gmt":"2025-04-09T13:05:21","guid":{"rendered":"https:\/\/cwmniegino.wales\/y-cyfle-2\/"},"modified":"2025-07-03T14:53:09","modified_gmt":"2025-07-03T14:53:09","slug":"y-cyfle-2","status":"publish","type":"page","link":"https:\/\/cwmniegino.wales\/cy\/y-cyfle-2\/","title":{"rendered":"Y Cyfle"},"content":{"rendered":"\t\t<div data-elementor-type=\"wp-page\" data-elementor-id=\"3543\" class=\"elementor elementor-3543 elementor-3200\" data-elementor-post-type=\"page\">\n\t\t\t\t<div data-particle_enable=\"false\" data-particle-mobile-disabled=\"false\" data-dce-background-color=\"#FFFFFF\" class=\"elementor-element elementor-element-b8dd0f0 e-flex e-con-boxed e-con e-parent\" data-id=\"b8dd0f0\" data-element_type=\"container\" data-e-type=\"container\" data-settings=\"{&quot;background_background&quot;:&quot;classic&quot;}\">\n\t\t\t\t\t<div class=\"e-con-inner\">\n\t\t<div data-particle_enable=\"false\" data-particle-mobile-disabled=\"false\" class=\"elementor-element elementor-element-42f460a e-con-full e-flex e-con e-child\" data-id=\"42f460a\" data-element_type=\"container\" data-e-type=\"container\">\n\t\t\t\t<div data-dce-title-color=\"#47666C\" class=\"elementor-element elementor-element-a7bc3a4 red-arrow elementor-widget elementor-widget-heading\" data-id=\"a7bc3a4\" data-element_type=\"widget\" data-e-type=\"widget\" data-widget_type=\"heading.default\">\n\t\t\t\t<div class=\"elementor-widget-container\">\n\t\t\t\t\t<h2 class=\"elementor-heading-title elementor-size-default\">Y Cyfle<\/h2>\t\t\t\t<\/div>\n\t\t\t\t<\/div>\n\t\t\t\t<\/div>\n\t\t\t\t<div data-dce-title-color=\"#39A3A3\" class=\"elementor-element elementor-element-fa7721f elementor-widget elementor-widget-heading\" data-id=\"fa7721f\" data-element_type=\"widget\" data-e-type=\"widget\" data-widget_type=\"heading.default\">\n\t\t\t\t<div class=\"elementor-widget-container\">\n\t\t\t\t\t<span class=\"elementor-heading-title elementor-size-default\">Mae Gogledd Cymru wedi bod yn cynhyrchu ynni ers canrifoedd, ac rydym wedi bod yn falch o gynnal gorsafoedd p\u0175er niwclear ers y 1960au.<\/span>\t\t\t\t<\/div>\n\t\t\t\t<\/div>\n\t\t\t\t\t<\/div>\n\t\t\t\t<\/div>\n\t\t<div data-particle_enable=\"false\" data-particle-mobile-disabled=\"false\" data-dce-background-color=\"#FFFFFF\" class=\"elementor-element elementor-element-5b1a66b e-flex e-con-boxed e-con e-parent\" data-id=\"5b1a66b\" data-element_type=\"container\" data-e-type=\"container\" data-settings=\"{&quot;background_background&quot;:&quot;classic&quot;}\">\n\t\t\t\t\t<div class=\"e-con-inner\">\n\t\t<div data-particle_enable=\"false\" data-particle-mobile-disabled=\"false\" class=\"elementor-element elementor-element-b3892e9 e-con-full e-flex e-con e-child\" data-id=\"b3892e9\" data-element_type=\"container\" data-e-type=\"container\">\n\t\t\t\t<div data-dce-text-color=\"#47666C\" class=\"elementor-element elementor-element-85dda31 elementor-widget elementor-widget-text-editor\" data-id=\"85dda31\" data-element_type=\"widget\" data-e-type=\"widget\" data-widget_type=\"text-editor.default\">\n\t\t\t\t<div class=\"elementor-widget-container\">\n\t\t\t\t\t\t\t\t\t<p>Mae niwclear yn rhan fawr o&#8217;n stori ranbarthol \u2013 o anterth cynhyrchu trydan yn yr 20fed ganrif, i gyfleoedd heddiw o ddadgomisiynu a datblygiadau newydd.<\/p><p>Mae Gogledd Cymru yn dod yn fan poblogaidd iawn ar gyfer prosiectau ynni gl\u00e2n, ac mae&#8217;r sector carbon isel yn tyfu&#8217;n gyflym yn y rhanbarth.<\/p><p>Byddai buddsoddiad yn y dyfodol mewn ynni niwclear yn helpu&#8217;n sylweddol i angori&#8217;r twf hwn, gan sicrhau miloedd o swyddi a chyfleoedd busnes a darparu manteision pendant ledled y rhanbarth am ddegawdau lawer i ddod.<\/p><p>Byddai hefyd yn cefnogi diwydiannau carbon isel eraill drwy ddatblygu sgiliau trosglwyddadwy, gallu\u2019r gadwyn gyflenwi a pharodrwydd y gweithlu.<\/p>\t\t\t\t\t\t\t\t<\/div>\n\t\t\t\t<\/div>\n\t\t\t\t<div class=\"elementor-element elementor-element-1ad5efa elementor-widget elementor-widget-image\" data-id=\"1ad5efa\" data-element_type=\"widget\" data-e-type=\"widget\" data-widget_type=\"image.default\">\n\t\t\t\t<div class=\"elementor-widget-container\">\n\t\t\t\t\t\t\t\t\t\t\t\t\t\t\t<img fetchpriority=\"high\" decoding=\"async\" width=\"800\" height=\"566\" src=\"https:\/\/cwmniegino.wales\/wp-content\/uploads\/2025\/05\/Nuclear-Prospectus-Heritage-Timeline-1024x724.png\" class=\"attachment-large size-large wp-image-3391\" alt=\"\" srcset=\"https:\/\/cwmniegino.wales\/wp-content\/uploads\/2025\/05\/Nuclear-Prospectus-Heritage-Timeline-1024x724.png 1024w, https:\/\/cwmniegino.wales\/wp-content\/uploads\/2025\/05\/Nuclear-Prospectus-Heritage-Timeline-300x212.png 300w, https:\/\/cwmniegino.wales\/wp-content\/uploads\/2025\/05\/Nuclear-Prospectus-Heritage-Timeline-768x543.png 768w, https:\/\/cwmniegino.wales\/wp-content\/uploads\/2025\/05\/Nuclear-Prospectus-Heritage-Timeline-1536x1086.png 1536w, https:\/\/cwmniegino.wales\/wp-content\/uploads\/2025\/05\/Nuclear-Prospectus-Heritage-Timeline-2048x1448.png 2048w\" sizes=\"(max-width: 800px) 100vw, 800px\" \/>\t\t\t\t\t\t\t\t\t\t\t\t\t\t\t<\/div>\n\t\t\t\t<\/div>\n\t\t\t\t<\/div>\n\t\t<div data-particle_enable=\"false\" data-particle-mobile-disabled=\"false\" class=\"elementor-element elementor-element-47f2536 e-con-full e-flex e-con e-child\" data-id=\"47f2536\" data-element_type=\"container\" data-e-type=\"container\">\n\t\t\t\t<div data-dce-text-color=\"#47666C\" class=\"elementor-element elementor-element-50033bc elementor-widget elementor-widget-text-editor\" data-id=\"50033bc\" data-element_type=\"widget\" data-e-type=\"widget\" data-widget_type=\"text-editor.default\">\n\t\t\t\t<div class=\"elementor-widget-container\">\n\t\t\t\t\t\t\t\t\t<p>Ochr yn ochr \u00e2 thechnolegau ynni gl\u00e2n eraill, mae gan ynni niwclear r\u00f4l enfawr yn ein hadfywiad diwydiannol, economaidd a chymdeithasol modern.<\/p>\t\t\t\t\t\t\t\t<\/div>\n\t\t\t\t<\/div>\n\t\t\t\t<div data-dce-text-color=\"#39A3A3\" class=\"elementor-element elementor-element-ff2e635 elementor-widget elementor-widget-text-editor\" data-id=\"ff2e635\" data-element_type=\"widget\" data-e-type=\"widget\" data-widget_type=\"text-editor.default\">\n\t\t\t\t<div class=\"elementor-widget-container\">\n\t\t\t\t\t\t\t\t\t<p>Mae Cwmni Egino wedi cyhoeddi Prosbectws sy&#8217;n nodi&#8217;r cyfle i Gymru o&#8217;r twf a ragwelir yn sector niwclear sifil y DU. Mae&#8217;n cyflwyno&#8217;r achos dros ddod \u00e2 datblygiad niwclear newydd i Ogledd Cymru, ac yn arddangos yr hyn sydd gan y rhanbarth i&#8217;w gynnig. Cliciwch <a href=\"https:\/\/cwmniegino.wales\/wp-content\/uploads\/2025\/05\/Cwmni-Egino-Nuclear-Prospectus_Online-Version.pdf\" target=\"_blank\" rel=\"noopener\"><u>yma<\/u><\/a> i weld.   <\/p>\t\t\t\t\t\t\t\t<\/div>\n\t\t\t\t<\/div>\n\t\t\t\t<\/div>\n\t\t\t\t\t<\/div>\n\t\t\t\t<\/div>\n\t\t<div data-particle_enable=\"false\" data-particle-mobile-disabled=\"false\" data-dce-background-color=\"#706E6A\" class=\"elementor-element elementor-element-e711db8 e-flex e-con-boxed e-con e-parent\" data-id=\"e711db8\" data-element_type=\"container\" data-e-type=\"container\" data-settings=\"{&quot;background_background&quot;:&quot;classic&quot;}\">\n\t\t\t\t\t<div class=\"e-con-inner\">\n\t\t<div data-particle_enable=\"false\" data-particle-mobile-disabled=\"false\" data-dce-background-color=\"#706E6A\" class=\"elementor-element elementor-element-f9186fb e-con-full e-flex e-con e-child\" data-id=\"f9186fb\" data-element_type=\"container\" data-e-type=\"container\" data-settings=\"{&quot;background_background&quot;:&quot;classic&quot;}\">\n\t\t<div data-particle_enable=\"false\" data-particle-mobile-disabled=\"false\" class=\"elementor-element elementor-element-67e487f e-con-full e-flex e-con e-child\" data-id=\"67e487f\" data-element_type=\"container\" data-e-type=\"container\">\n\t\t\t\t<div data-dce-title-color=\"#FFFFFF\" class=\"elementor-element elementor-element-7961d92 elementor-widget elementor-widget-heading\" data-id=\"7961d92\" data-element_type=\"widget\" data-e-type=\"widget\" data-widget_type=\"heading.default\">\n\t\t\t\t<div class=\"elementor-widget-container\">\n\t\t\t\t\t<h2 class=\"elementor-heading-title elementor-size-default\">EIN SAFLEOEDD NIWCLEAR<\/h2>\t\t\t\t<\/div>\n\t\t\t\t<\/div>\n\t\t\t\t<\/div>\n\t\t\t\t<div data-dce-text-color=\"#FFFFFF\" class=\"elementor-element elementor-element-2beb766 elementor-widget__width-initial elementor-widget elementor-widget-text-editor\" data-id=\"2beb766\" data-element_type=\"widget\" data-e-type=\"widget\" data-widget_type=\"text-editor.default\">\n\t\t\t\t<div class=\"elementor-widget-container\">\n\t\t\t\t\t\t\t\t\t<p>Mae gan Ogledd Cymru ddau safle rhagorol ar gyfer datblygiadau niwclear newydd, gyda&#8217;r potensial i weithredu prosiectau mawr a bach a symud ymlaen yn gyflym.<\/p><p>Mae ein rhanbarth yn ymgeisydd cryf ar gyfer lleoli prosiectau niwclear newydd. Mae gwaith Cwmni Egino yn cadarnhau hyfywedd ynni niwclear ar raddfa fach yn Nhrawsfynydd, tra bod pryniant safle Wylfa gan Lywodraeth y DU a gwaith datblygu blaenorol a wnaed gan Horizon Nuclear Power yn ei wneud yn ymgeisydd deniadol ar gyfer buddsoddiad yn y dyfodol &#8211; boed hynny&#8217;n Adweithyddion Modiwlaidd Bach (SMR) neu&#8217;n raddfa fawr, gigawat. <\/p><p>Mae gan y ddau safle dreftadaeth niwclear gref, gan gynnwys gwybodaeth a sgiliau a gafodd eu mireinio&#8217;n lleol dros nifer o ddegawdau a gweithlu sydd eisoes yn weithgar yn y sector trwy ddatgomisiynu a gweithgaredd cadwyn gyflenwi.<\/p>\t\t\t\t\t\t\t\t<\/div>\n\t\t\t\t<\/div>\n\t\t<div data-particle_enable=\"false\" data-particle-mobile-disabled=\"false\" class=\"elementor-element elementor-element-f808621 e-grid e-con-full e-con e-child\" data-id=\"f808621\" data-element_type=\"container\" data-e-type=\"container\">\n\t\t\t\t<div class=\"elementor-element elementor-element-a607bb9 elementor-widget elementor-widget-image\" data-id=\"a607bb9\" data-element_type=\"widget\" data-e-type=\"widget\" data-widget_type=\"image.default\">\n\t\t\t\t<div class=\"elementor-widget-container\">\n\t\t\t\t\t\t\t\t\t\t\t\t\t\t\t<img decoding=\"async\" width=\"2560\" height=\"1608\" src=\"https:\/\/cwmniegino.wales\/wp-content\/uploads\/2025\/04\/Cwmni-Egino-Trawsfynydd-scaled.jpg\" class=\"attachment-full size-full wp-image-3209\" alt=\"\" srcset=\"https:\/\/cwmniegino.wales\/wp-content\/uploads\/2025\/04\/Cwmni-Egino-Trawsfynydd-scaled.jpg 2560w, https:\/\/cwmniegino.wales\/wp-content\/uploads\/2025\/04\/Cwmni-Egino-Trawsfynydd-300x188.jpg 300w, https:\/\/cwmniegino.wales\/wp-content\/uploads\/2025\/04\/Cwmni-Egino-Trawsfynydd-1024x643.jpg 1024w, https:\/\/cwmniegino.wales\/wp-content\/uploads\/2025\/04\/Cwmni-Egino-Trawsfynydd-768x482.jpg 768w, https:\/\/cwmniegino.wales\/wp-content\/uploads\/2025\/04\/Cwmni-Egino-Trawsfynydd-1536x965.jpg 1536w, https:\/\/cwmniegino.wales\/wp-content\/uploads\/2025\/04\/Cwmni-Egino-Trawsfynydd-2048x1286.jpg 2048w\" sizes=\"(max-width: 2560px) 100vw, 2560px\" \/>\t\t\t\t\t\t\t\t\t\t\t\t\t\t\t<\/div>\n\t\t\t\t<\/div>\n\t\t\t\t<div class=\"elementor-element elementor-element-128c324 elementor-widget elementor-widget-image\" data-id=\"128c324\" data-element_type=\"widget\" data-e-type=\"widget\" data-widget_type=\"image.default\">\n\t\t\t\t<div class=\"elementor-widget-container\">\n\t\t\t\t\t\t\t\t\t\t\t\t\t\t\t<img decoding=\"async\" width=\"680\" height=\"425\" src=\"https:\/\/cwmniegino.wales\/wp-content\/uploads\/2025\/04\/Cwmni-Egino-Wylfa.webp\" class=\"attachment-large size-large wp-image-3215\" alt=\"\" srcset=\"https:\/\/cwmniegino.wales\/wp-content\/uploads\/2025\/04\/Cwmni-Egino-Wylfa.webp 680w, https:\/\/cwmniegino.wales\/wp-content\/uploads\/2025\/04\/Cwmni-Egino-Wylfa-300x188.webp 300w\" sizes=\"(max-width: 680px) 100vw, 680px\" \/>\t\t\t\t\t\t\t\t\t\t\t\t\t\t\t<\/div>\n\t\t\t\t<\/div>\n\t\t\t\t<div data-dce-text-color=\"#FFFFFF\" class=\"elementor-element elementor-element-44c877f elementor-widget elementor-widget-text-editor\" data-id=\"44c877f\" data-element_type=\"widget\" data-e-type=\"widget\" data-widget_type=\"text-editor.default\">\n\t\t\t\t<div class=\"elementor-widget-container\">\n\t\t\t\t\t\t\t\t\t<p>Trawsfynydd<\/p>\t\t\t\t\t\t\t\t<\/div>\n\t\t\t\t<\/div>\n\t\t\t\t<div data-dce-text-color=\"#FFFFFF\" class=\"elementor-element elementor-element-7ef0ffc elementor-widget elementor-widget-text-editor\" data-id=\"7ef0ffc\" data-element_type=\"widget\" data-e-type=\"widget\" data-widget_type=\"text-editor.default\">\n\t\t\t\t<div class=\"elementor-widget-container\">\n\t\t\t\t\t\t\t\t\t<p>Wylfa<\/p>\t\t\t\t\t\t\t\t<\/div>\n\t\t\t\t<\/div>\n\t\t\t\t<\/div>\n\t\t\t\t<\/div>\n\t\t\t\t\t<\/div>\n\t\t\t\t<\/div>\n\t\t<div data-particle_enable=\"false\" data-particle-mobile-disabled=\"false\" data-dce-background-color=\"#EA6B20\" class=\"elementor-element elementor-element-de85656 e-flex e-con-boxed e-con e-parent\" data-id=\"de85656\" data-element_type=\"container\" data-e-type=\"container\" data-settings=\"{&quot;background_background&quot;:&quot;classic&quot;}\">\n\t\t\t\t\t<div class=\"e-con-inner\">\n\t\t\t\t<div data-dce-title-color=\"#FFFFFF\" class=\"elementor-element elementor-element-fa1e982 elementor-widget elementor-widget-heading\" data-id=\"fa1e982\" data-element_type=\"widget\" data-e-type=\"widget\" data-widget_type=\"heading.default\">\n\t\t\t\t<div class=\"elementor-widget-container\">\n\t\t\t\t\t<span class=\"elementor-heading-title elementor-size-default\">Prif gynllun sy'n dod i'r amlwg ar gyfer Traws<\/span>\t\t\t\t<\/div>\n\t\t\t\t<\/div>\n\t\t<div data-particle_enable=\"false\" data-particle-mobile-disabled=\"false\" class=\"elementor-element elementor-element-bd13644 e-con-full e-flex e-con e-child\" data-id=\"bd13644\" data-element_type=\"container\" data-e-type=\"container\" data-settings=\"{&quot;background_background&quot;:&quot;classic&quot;}\">\n\t\t<div data-particle_enable=\"false\" data-particle-mobile-disabled=\"false\" class=\"elementor-element elementor-element-09ebf0c e-con-full e-flex e-con e-child\" data-id=\"09ebf0c\" data-element_type=\"container\" data-e-type=\"container\">\n\t\t\t\t<div data-dce-text-color=\"#FFFFFF\" class=\"elementor-element elementor-element-6de097e elementor-widget elementor-widget-text-editor\" data-id=\"6de097e\" data-element_type=\"widget\" data-e-type=\"widget\" data-widget_type=\"text-editor.default\">\n\t\t\t\t<div class=\"elementor-widget-container\">\n\t\t\t\t\t\t\t\t\t<p>Mae Cwmni Egino wedi archwilio&#8217;r posibilrwydd o ddatblygiad niwclear ar raddfa fach yn Nhrawsfynydd. Rydym wedi datblygu cynnig busnes sylweddol sy&#8217;n dangos hyfywedd defnyddio ynni niwclear ar raddfa fach ar y safle i gefnogi uchelgeisiau ynni niwclear ehangach y DU \u2013 naill ai fel rhan o raglen Niwclear Prydain Fawr (GBN) yn y dyfodol neu drwy fuddsoddiad preifat. <\/p><p>Mae potensial hefyd i gyflawni gweledigaeth ehangach ar gyfer y safle yn seiliedig ar yr etifeddiaeth niwclear sydd eisoes wedi&#8217;i sefydlu. Mae&#8217;r arbenigedd datgomisiynu a feithrinwyd yn Nhrawsfynydd yn ennill statws canolfan ragoriaeth i&#8217;r safle, gan ddenu diddordeb byd-eang a chreu cyfle ar gyfer gweithgaredd economaidd amlddisgyblaethol ehangach yn yr ardal. <\/p><p>Mae Prosiect ARTHUR Llywodraeth Cymru yn datblygu achos busnes ar gyfer Adweithydd Ymchwil Meddygol, a allai gael ei leoli yn Nhrawfynydd ar dir y tu hwnt i&#8217;r hyn sydd ei angen ar gyfer gorsaf b\u0175er niwclear ar raddfa fach. Byddai hyn yn cyfrannu at gynyddu&#8217;r capasiti ar gyfer triniaethau canser a salwch eraill yn ogystal \u00e2 chreu swyddi&#8217;n uniongyrchol a thrwy ymchwil ac arloesedd cysylltiedig. <\/p><p>Yn ogystal, mae gwaith ar y gweill i archwilio dichonoldeb cyfleuster Cydweithio arfaethedig i ategu datgomisiynu, cyfleoedd ymchwil niwclear a meddygol newydd ar y safle. Byddai hyn yn darparu amgylchedd i ddiwydiant, y gymuned academaidd a busnesau lleol harneisio arbenigedd presennol a datblygu mentrau a mentrau newydd o amgylch ynni niwclear a gl\u00e2n \u2013 gan greu cyfle ychwanegol ar gyfer creu gwerth cymdeithasol, economaidd ac amgylcheddol. <\/p>\t\t\t\t\t\t\t\t<\/div>\n\t\t\t\t<\/div>\n\t\t\t\t<\/div>\n\t\t<div data-particle_enable=\"false\" data-particle-mobile-disabled=\"false\" class=\"elementor-element elementor-element-98efa3a e-con-full e-flex e-con e-child\" data-id=\"98efa3a\" data-element_type=\"container\" data-e-type=\"container\">\n\t\t\t\t<div data-dce-text-color=\"#FFFFFF\" class=\"elementor-element elementor-element-e9814f9 elementor-widget elementor-widget-text-editor\" data-id=\"e9814f9\" data-element_type=\"widget\" data-e-type=\"widget\" data-widget_type=\"text-editor.default\">\n\t\t\t\t<div class=\"elementor-widget-container\">\n\t\t\t\t\t\t\t\t\t<p>Cliciwch yma [dolen i lyfryn Cyfle Trawsfynydd] i ddarllen mwy am y cyfle niwclear ar raddfa fach yn Nhrawsfynydd.<\/p>\t\t\t\t\t\t\t\t<\/div>\n\t\t\t\t<\/div>\n\t\t\t\t<\/div>\n\t\t\t\t<\/div>\n\t\t\t\t\t<\/div>\n\t\t\t\t<\/div>\n\t\t<div data-particle_enable=\"false\" data-particle-mobile-disabled=\"false\" data-dce-background-color=\"#706E6A\" class=\"elementor-element elementor-element-9ad1dda e-flex e-con-boxed e-con e-parent\" data-id=\"9ad1dda\" data-element_type=\"container\" data-e-type=\"container\" data-settings=\"{&quot;background_background&quot;:&quot;classic&quot;}\">\n\t\t\t\t\t<div class=\"e-con-inner\">\n\t\t\t\t<div data-dce-title-color=\"#FFFFFF\" class=\"elementor-element elementor-element-50ed481 elementor-widget elementor-widget-heading\" data-id=\"50ed481\" data-element_type=\"widget\" data-e-type=\"widget\" data-widget_type=\"heading.default\">\n\t\t\t\t<div class=\"elementor-widget-container\">\n\t\t\t\t\t<span class=\"elementor-heading-title elementor-size-default\">Effaith bosibl niwclear newydd yn Wylfa<\/span>\t\t\t\t<\/div>\n\t\t\t\t<\/div>\n\t\t<div data-particle_enable=\"false\" data-particle-mobile-disabled=\"false\" class=\"elementor-element elementor-element-7258ade e-con-full e-flex e-con e-child\" data-id=\"7258ade\" data-element_type=\"container\" data-e-type=\"container\">\n\t\t<div data-particle_enable=\"false\" data-particle-mobile-disabled=\"false\" class=\"elementor-element elementor-element-88e50a5 e-con-full e-flex e-con e-child\" data-id=\"88e50a5\" data-element_type=\"container\" data-e-type=\"container\">\n\t\t\t\t<div data-dce-title-color=\"#FFFFFF\" class=\"elementor-element elementor-element-dd02cf3 elementor-widget elementor-widget-heading\" data-id=\"dd02cf3\" data-element_type=\"widget\" data-e-type=\"widget\" data-widget_type=\"heading.default\">\n\t\t\t\t<div class=\"elementor-widget-container\">\n\t\t\t\t\t<span class=\"elementor-heading-title elementor-size-default\">\u00a34BN<\/span>\t\t\t\t<\/div>\n\t\t\t\t<\/div>\n\t\t\t\t<div data-dce-text-color=\"#FFFFFF\" class=\"elementor-element elementor-element-74e02a7 elementor-widget elementor-widget-text-editor\" data-id=\"74e02a7\" data-element_type=\"widget\" data-e-type=\"widget\" data-widget_type=\"text-editor.default\">\n\t\t\t\t<div class=\"elementor-widget-container\">\n\t\t\t\t\t\t\t\t\t<p>Buddsoddiad mewnol i Gymru, y mwyaf yn hanes Cymru<\/p>\t\t\t\t\t\t\t\t<\/div>\n\t\t\t\t<\/div>\n\t\t\t\t<\/div>\n\t\t<div data-particle_enable=\"false\" data-particle-mobile-disabled=\"false\" class=\"elementor-element elementor-element-e66b046 e-con-full e-flex e-con e-child\" data-id=\"e66b046\" data-element_type=\"container\" data-e-type=\"container\">\n\t\t\t\t<div data-dce-title-color=\"#FFFFFF\" class=\"elementor-element elementor-element-2b88060 elementor-widget elementor-widget-heading\" data-id=\"2b88060\" data-element_type=\"widget\" data-e-type=\"widget\" data-widget_type=\"heading.default\">\n\t\t\t\t<div class=\"elementor-widget-container\">\n\t\t\t\t\t<span class=\"elementor-heading-title elementor-size-default\">\u00a3325BN<\/span>\t\t\t\t<\/div>\n\t\t\t\t<\/div>\n\t\t\t\t<div data-dce-text-color=\"#FFFFFF\" class=\"elementor-element elementor-element-b67d7b4 elementor-widget elementor-widget-text-editor\" data-id=\"b67d7b4\" data-element_type=\"widget\" data-e-type=\"widget\" data-widget_type=\"text-editor.default\">\n\t\t\t\t<div class=\"elementor-widget-container\">\n\t\t\t\t\t\t\t\t\t<p>Hyd at \u00a3325bn o fuddsoddiad mewnol i Gymru, y mwyaf yn hanes Cymru<\/p>\t\t\t\t\t\t\t\t<\/div>\n\t\t\t\t<\/div>\n\t\t\t\t<\/div>\n\t\t<div data-particle_enable=\"false\" data-particle-mobile-disabled=\"false\" class=\"elementor-element elementor-element-10a76ff e-con-full e-flex e-con e-child\" data-id=\"10a76ff\" data-element_type=\"container\" data-e-type=\"container\">\n\t\t\t\t<div data-dce-title-color=\"#FFFFFF\" class=\"elementor-element elementor-element-98e5100 elementor-widget elementor-widget-heading\" data-id=\"98e5100\" data-element_type=\"widget\" data-e-type=\"widget\" data-widget_type=\"heading.default\">\n\t\t\t\t<div class=\"elementor-widget-container\">\n\t\t\t\t\t<span class=\"elementor-heading-title elementor-size-default\">\u00a36M<\/span>\t\t\t\t<\/div>\n\t\t\t\t<\/div>\n\t\t\t\t<div data-dce-text-color=\"#FFFFFF\" class=\"elementor-element elementor-element-3926968 elementor-widget elementor-widget-text-editor\" data-id=\"3926968\" data-element_type=\"widget\" data-e-type=\"widget\" data-widget_type=\"text-editor.default\">\n\t\t\t\t<div class=\"elementor-widget-container\">\n\t\t\t\t\t\t\t\t\t<p>Digon o drydan gl\u00e2n a dibynadwy i bweru \u00a36m<br> cartrefi ledled y DU<\/p>\t\t\t\t\t\t\t\t<\/div>\n\t\t\t\t<\/div>\n\t\t\t\t<\/div>\n\t\t<div data-particle_enable=\"false\" data-particle-mobile-disabled=\"false\" class=\"elementor-element elementor-element-5606278 e-con-full e-flex e-con e-child\" data-id=\"5606278\" data-element_type=\"container\" data-e-type=\"container\">\n\t\t\t\t<div data-dce-title-color=\"#FFFFFF\" class=\"elementor-element elementor-element-8c0f53f elementor-widget elementor-widget-heading\" data-id=\"8c0f53f\" data-element_type=\"widget\" data-e-type=\"widget\" data-widget_type=\"heading.default\">\n\t\t\t\t<div class=\"elementor-widget-container\">\n\t\t\t\t\t<span class=\"elementor-heading-title elementor-size-default\">900<\/span>\t\t\t\t<\/div>\n\t\t\t\t<\/div>\n\t\t\t\t<div data-dce-text-color=\"#FFFFFF\" class=\"elementor-element elementor-element-dc69ee3 elementor-widget elementor-widget-text-editor\" data-id=\"dc69ee3\" data-element_type=\"widget\" data-e-type=\"widget\" data-widget_type=\"text-editor.default\">\n\t\t\t\t<div class=\"elementor-widget-container\">\n\t\t\t\t\t\t\t\t\t<p>Swyddi ar waith ers 60-80 mlynedd<\/p>\t\t\t\t\t\t\t\t<\/div>\n\t\t\t\t<\/div>\n\t\t\t\t<\/div>\n\t\t\t\t<\/div>\n\t\t\t\t<div data-dce-text-color=\"#FFFFFF\" class=\"elementor-element elementor-element-73eb35b elementor-widget elementor-widget-text-editor\" data-id=\"73eb35b\" data-element_type=\"widget\" data-e-type=\"widget\" data-widget_type=\"text-editor.default\">\n\t\t\t\t<div class=\"elementor-widget-container\">\n\t\t\t\t\t\t\t\t\t<p>Mae Wylfa wedi&#8217;i lleoli ar arfordir gogleddol Ynys M\u00f4n ac mae&#8217;n cwmpasu dros 200 hectar. Mae&#8217;n safle ardderchog ar gyfer defnydd niwclear newydd, a gallai ddarparu ar gyfer adweithyddion mawr a bach. Byddai datblygiad newydd yn Wylfa yn cynyddu capasiti cynhyrchu carbon isel Gogledd Cymru yn aruthrol, gan greu cyflogaeth sydd ei hangen yn fawr a gwerth cymdeithasol ehangach ar yr ynys ac ar draws y rhanbarth.  <\/p><p><em>\u201cMae Wylfa yn un o\u2019r safleoedd gorau ar gyfer ynni niwclear newydd yn unrhyw le yn Ewrop&#8230;Byddai capasiti niwclear newydd yn Wylfa yn trawsnewid economi Gogledd Cymru gyda buddsoddiad ffres, miloedd o swyddi da, yn ogystal \u00e2 darparu p\u0175er gl\u00e2n, dibynadwy a sofran a fydd yn para ymhell i\u2019r ganrif nesaf.\u201d<\/em><\/p><p style=\"text-align: right;\">Cymdeithas y Diwydiant Niwclear<\/p>\t\t\t\t\t\t\t\t<\/div>\n\t\t\t\t<\/div>\n\t\t\t\t\t<\/div>\n\t\t\t\t<\/div>\n\t\t\t\t<\/div>\n\t\t","protected":false},"excerpt":{"rendered":"<p>Mae Gogledd Cymru wedi bod yn cynhyrchu ynni ers canrifoedd, ac rydym wedi bod yn falch o gynnal gorsafoedd p\u0175er niwclear ers y 1960au. Mae niwclear yn rhan fawr o&#8217;n stori ranbarthol \u2013 o anterth cynhyrchu trydan yn yr 20fed ganrif, i gyfleoedd heddiw o ddadgomisiynu a datblygiadau newydd. Mae Gogledd Cymru yn dod yn [&hellip;]<\/p>\n","protected":false},"author":2,"featured_media":0,"parent":0,"menu_order":0,"comment_status":"closed","ping_status":"closed","template":"elementor_header_footer","meta":{"_acf_changed":false,"footnotes":""},"class_list":["post-3543","page","type-page","status-publish","hentry"],"acf":[],"_links":{"self":[{"href":"https:\/\/cwmniegino.wales\/cy\/wp-json\/wp\/v2\/pages\/3543","targetHints":{"allow":["GET"]}}],"collection":[{"href":"https:\/\/cwmniegino.wales\/cy\/wp-json\/wp\/v2\/pages"}],"about":[{"href":"https:\/\/cwmniegino.wales\/cy\/wp-json\/wp\/v2\/types\/page"}],"author":[{"embeddable":true,"href":"https:\/\/cwmniegino.wales\/cy\/wp-json\/wp\/v2\/users\/2"}],"replies":[{"embeddable":true,"href":"https:\/\/cwmniegino.wales\/cy\/wp-json\/wp\/v2\/comments?post=3543"}],"version-history":[{"count":2,"href":"https:\/\/cwmniegino.wales\/cy\/wp-json\/wp\/v2\/pages\/3543\/revisions"}],"predecessor-version":[{"id":3545,"href":"https:\/\/cwmniegino.wales\/cy\/wp-json\/wp\/v2\/pages\/3543\/revisions\/3545"}],"wp:attachment":[{"href":"https:\/\/cwmniegino.wales\/cy\/wp-json\/wp\/v2\/media?parent=3543"}],"curies":[{"name":"wp","href":"https:\/\/api.w.org\/{rel}","templated":true}]}}